{"id":207,"date":"2021-07-05T21:31:31","date_gmt":"2021-07-05T21:31:31","guid":{"rendered":"https:\/\/ceut.edu.mx\/home\/?page_id=207"},"modified":"2026-01-06T19:27:14","modified_gmt":"2026-01-06T19:27:14","slug":"informatica","status":"publish","type":"page","link":"https:\/\/ceut.edu.mx\/home\/informatica\/","title":{"rendered":"Inform\u00e1tica"},"content":{"rendered":"\t\t<div data-elementor-type=\"wp-page\" data-elementor-id=\"207\" class=\"elementor elementor-207\">\n\t\t\t\t\t\t<section class=\"elementor-section elementor-top-section elementor-element elementor-element-6f18412 elementor-section-boxed elementor-section-height-default elementor-section-height-default elementor-invisible\" data-id=\"6f18412\" data-element_type=\"section\" data-settings=\"{&quot;animation&quot;:&quot;fadeInLeft&quot;}\">\n\t\t\t\t\t\t<div class=\"elementor-container elementor-column-gap-no\">\n\t\t\t\t\t\t<\/div>\n\t\t<\/section>\n\t\t\t\t<section class=\"elementor-section elementor-top-section elementor-element elementor-element-758fde6 elementor-section-full_width elementor-section-height-min-height elementor-section-height-default elementor-section-items-middle\" data-id=\"758fde6\" data-element_type=\"section\" data-settings=\"{&quot;background_background&quot;:&quot;classic&quot;}\">\n\t\t\t\t\t\t<div class=\"elementor-container elementor-column-gap-no\">\n\t\t\t\t\t<div class=\"elementor-column elementor-col-100 elementor-top-column elementor-element elementor-element-d68b7bf\" data-id=\"d68b7bf\" data-element_type=\"column\">\n\t\t\t<div class=\"elementor-widget-wrap elementor-element-populated\">\n\t\t\t\t\t\t<div class=\"elementor-element elementor-element-9b9e5c4 elementor-button-info elementor-align-center elementor-widget__width-inherit mi-boton-color e-transform e-transform elementor-widget elementor-widget-button\" data-id=\"9b9e5c4\" data-element_type=\"widget\" data-settings=\"{&quot;_transform_translateX_effect&quot;:{&quot;unit&quot;:&quot;px&quot;,&quot;size&quot;:-49,&quot;sizes&quot;:[]},&quot;_transform_translateX_effect_tablet&quot;:{&quot;unit&quot;:&quot;px&quot;,&quot;size&quot;:225,&quot;sizes&quot;:[]},&quot;_transform_translateX_effect_mobile&quot;:{&quot;unit&quot;:&quot;px&quot;,&quot;size&quot;:-47,&quot;sizes&quot;:[]},&quot;_transform_translateY_effect&quot;:{&quot;unit&quot;:&quot;px&quot;,&quot;size&quot;:226,&quot;sizes&quot;:[]},&quot;_transform_translateY_effect_tablet&quot;:{&quot;unit&quot;:&quot;px&quot;,&quot;size&quot;:123,&quot;sizes&quot;:[]},&quot;_transform_translateY_effect_mobile&quot;:{&quot;unit&quot;:&quot;px&quot;,&quot;size&quot;:50,&quot;sizes&quot;:[]},&quot;_transform_scale_effect_tablet&quot;:{&quot;unit&quot;:&quot;px&quot;,&quot;size&quot;:0.9,&quot;sizes&quot;:[]},&quot;_transform_scale_effect_mobile&quot;:{&quot;unit&quot;:&quot;px&quot;,&quot;size&quot;:0.7,&quot;sizes&quot;:[]},&quot;_transform_scale_effect&quot;:{&quot;unit&quot;:&quot;px&quot;,&quot;size&quot;:&quot;&quot;,&quot;sizes&quot;:[]}}\" data-widget_type=\"button.default\">\n\t\t\t\t<div class=\"elementor-widget-container\">\n\t\t\t\t\t\t\t\t\t<div class=\"elementor-button-wrapper\">\n\t\t\t\t\t<a class=\"elementor-button elementor-button-link elementor-size-sm\" href=\"https:\/\/ceut.edu.mx\/home\/wp-content\/uploads\/2025\/12\/INFORMATICA-scaled.jpg\">\n\t\t\t\t\t\t<span class=\"elementor-button-content-wrapper\">\n\t\t\t\t\t\t\t\t\t<span class=\"elementor-button-text\">PLAN DE ESTUDIOS<\/span>\n\t\t\t\t\t<\/span>\n\t\t\t\t\t<\/a>\n\t\t\t\t<\/div>\n\t\t\t\t\t\t\t\t<\/div>\n\t\t\t\t<\/div>\n\t\t\t\t\t<\/div>\n\t\t<\/div>\n\t\t\t\t\t<\/div>\n\t\t<\/section>\n\t\t\t\t<section class=\"elementor-section elementor-top-section elementor-element elementor-element-1853a92 elementor-section-boxed elementor-section-height-default elementor-section-height-default\" data-id=\"1853a92\" data-element_type=\"section\">\n\t\t\t\t\t\t<div class=\"elementor-container elementor-column-gap-default\">\n\t\t\t\t\t<div class=\"elementor-column elementor-col-100 elementor-top-column elementor-element elementor-element-b492494\" data-id=\"b492494\" data-element_type=\"column\">\n\t\t\t<div class=\"elementor-widget-wrap elementor-element-populated\">\n\t\t\t\t\t\t<div class=\"elementor-element elementor-element-dec7311 elementor-widget elementor-widget-html\" data-id=\"dec7311\" data-element_type=\"widget\" data-widget_type=\"html.default\">\n\t\t\t\t<div class=\"elementor-widget-container\">\n\t\t\t\t\t<style>\n    .hero-informatica {\n            \/* REEMPLAZAR ESTA RUTA por la imagen del TriCaster *\/\n            \n        }\n        .hero-content-informatica{\n            color: white; \n            \/* Esta l\u00ednea centra todo el texto (t\u00edtulos) *\/\n            text-align: left; \n            position: relative; \n            z-index: 2; \n            max-width: 1200px; \n            width: 90%; \n            margin: 0 auto; \n            padding: 20px 0; \n            \/* Asegura que no haya un desplazamiento a la izquierda forzado *\/\n            padding-left: 0;\n            display: flex;\n            flex-direction: column;\n            min-height: 400px;\n            justify-content: space-between;\n        }\n        .hero-title-informatica {\n            color: white; \/* Asegura el color blanco *\/\n            font-size: 5rem; \n            font-weight: 900; \n            line-height: 1; \n            margin: 0 0 30px 0; \n            text-transform: uppercase; \n            text-shadow: 2px 2px 8px rgba(0, 0, 0, 0.7);\n        }\n        .hero-caption-informatica { \n            color: yellow;\n            font-size: 5.0rem; \n            font-weight: 400; \n            letter-spacing: 2.5px; \n            margin-bottom: 8px; \n            display: flex; \n            \/* Esta l\u00ednea centra el birrete y el texto LICENCIATURA *\/\n            justify-content: left;\n            text-transform: uppercase;\n        }\n\n        @media (min-width: 768px) {\n            .hero-title-informatica { \n                \/* CAMBIO CLAVE 3: Aumentar el tama\u00f1o en escritorio *\/\n                font-size: 4rem; \/* Anteriormente era 4.8rem *\/\n            }\n        }\n        .info-sections-informatica {\n            \/* CAMBIO CLAVE 1: El fondo de la secci\u00f3n ahora es BLANCO *\/\n            background-color: #ffffff; \n            \n            padding: 80px 20px;\n            display: flex; \n            flex-wrap: wrap; \n            justify-content: center;\n            gap: 30px; \n        }\n\n        \/* Estilo de la Tarjeta Individual *\/\n        .info-card-informatica {\n            \/* CAMBIO CLAVE 2: Las tarjetas son transparentes para que se vea el fondo blanco *\/\n            background-color: transparent; \n            \n            \/* CAMBIO CLAVE 3: Usamos flex: 1 para que ocupen espacio igual. \n               El 'calc' asegura que caben tres tarjetas restando el espacio de los gaps. *\/\n            flex: 1 1 calc(33.333% - 100px); \n            min-width: 300px; \/* M\u00ednimo para evitar que se aplasten demasiado *\/\n\n            \/* El color de texto debe cambiar a oscuro para el fondo blanco *\/\n            color: #000000; \n            \n            padding: 20px;\n            border-radius: 10px; \n            box-shadow: none; \/* Quitamos la sombra de caja *\/\n            \n            transition: transform 0.4s ease;\n            border-left: none; \n        }\n\n        .info-card-informatica:hover {\n            \/* Mantenemos el efecto sutil al pasar el rat\u00f3n *\/\n            transform: translateY(-5px); \n        }\n\n        \/* T\u00edtulo de la Tarjeta (Subt\u00edtulos) *\/\n        .card-title-informatica {\n            font-size: 1.8rem;\n            font-weight: 700;\n            \n            \/* El color dorado (#ffd700) sigue funcionando muy bien en fondo blanco *\/\n            color: black; \n            \n            margin-top: 0;\n            margin-bottom: 25px;\n            text-transform: uppercase;\n            \n            \/* L\u00ednea amarilla vertical *\/\n            border-left: 10px solid #ffd700;\n            padding-left: 20px; \n            \n            \/* Mantenemos el truco de alineaci\u00f3n *\/\n            margin-left: -30px; \n            padding-left: 40px; \n        }\n\n        \/* Estilo para los P\u00e1rrafos de Contenido *\/\n        .card-content-paragraph-informatica {\n            font-size: 1.1em;\n            line-height: 1.6;\n            margin: 0; \n            white-space: pre-line; \n            \n            \/* Aseguramos que el texto dentro del p\u00e1rrafo sea negro *\/\n            color: #333333;\n            text-align: left; \n        }\n\n        \/* Media Query para m\u00f3vil: asegura que se apilen correctamente *\/\n        @media (max-width: 1000px) {\n            \/* Permite que solo quepan dos en una fila y luego una sola en pantallas peque\u00f1as *\/\n            .info-card-informatica {\n                flex: 1 1 calc(50% - 20px); \n            }\n        }\n        @media (max-width: 600px) {\n            \/* Apilamos una sola tarjeta en m\u00f3vil *\/\n            .info-card-informatica {\n                flex: 1 1 100%;\n                max-width: 90%;\n            }\n        }\n<\/style>\n<body>\n    <section class=\"hero-informatica\">\n        \n    <\/section>\n\n    <section class=\"info-sections-informatica\">\n        \n        <div class=\"info-card-informatica\">\n            <h2 class=\"card-title-informatica\">CAMPO Laboral<\/h2>\n            <p class=\"card-content-paragraph-informatica\">\n                El licenciado en inform\u00e1tica podr\u00e1 desempe\u00f1arse el desarrollo de sistemas e interfaces desempe\u00f1ando actividades como: an\u00e1lisis, dise\u00f1o, implementaci\u00f3n y mantenimiento de sistemas, desarrollo de software, optimizaci\u00f3n de redes y detecci\u00f3n de problemas en los mismos, capacitaci\u00f3n de personal en sistemas de informaci\u00f3n, auditor y consultor en inform\u00e1tica, adem\u00e1s de aportar sus habilidades en instituciones educativas y centros de investigaci\u00f3n cient\u00edfica y tecnol\u00f3gica, apoyando labores de docencia, administraci\u00f3n de laboratorios, dise\u00f1o y mantenimiento de sistemas y aplicando modelos de simulaci\u00f3n propios de estas instituciones, as\u00ed como en el mantenimiento de sistemas o \u00e1rea administrativa teniendo como objetivo personal el emprendimiento de actividades de asesor\u00eda y consultor\u00eda en sistemas establecido como una empresa s\u00f3lida.\n            <\/p>\n        <\/div>\n\n        <div class=\"info-card-informatica\">\n            <h2 class=\"card-title-informatica\">PERFIL DE INGRESO<\/h2>\n            <p class=\"card-content-paragraph-informatica\">\n                El aspirante a cursar la licenciatura en Inform\u00e1tica deber\u00e1 tener: Conocimientos b\u00e1sicos en computaci\u00f3n. An\u00e1lisis de informaci\u00f3n estad\u00edstica. Pensamiento matem\u00e1tico y uso de la l\u00f3gica como m\u00e9todo de resoluci\u00f3n de problemas comunes. Capacidad de relacionarse para trabajar en equipo. Comprensi\u00f3n de ingl\u00e9s b\u00e1sico oral y escrito. Habilidad en la adaptaci\u00f3n y uso de tecnolog\u00eda de vanguardia.\n            <\/p>\n        <\/div>\n\n        <div class=\"info-card-informatica\">\n            <h2 class=\"card-title-informatica\">PERFIL DE EGRESO<\/h2>\n            <p class=\"card-content-paragraph-informatica\">\n                El profesional egresado de la licenciatura en Inform\u00e1tica est\u00e1 capacitado con las habilidades y conocimientos que contribuyen a la mejora continua, soluci\u00f3n de problemas administrativos en materia de datos, informaci\u00f3n y organizaci\u00f3n, toma de decisiones que afectan de manera positiva los procesos de empresas p\u00fablicas, privadas o sociales a trav\u00e9s del dise\u00f1o, desarrollo, innovaci\u00f3n e implementaci\u00f3n de sistemas de informaci\u00f3n.\n            <\/p>\n        <\/div>\n    <\/section>\n<\/body>\t\t\t\t<\/div>\n\t\t\t\t<\/div>\n\t\t\t\t\t<\/div>\n\t\t<\/div>\n\t\t\t\t\t<\/div>\n\t\t<\/section>\n\t\t\t\t<section class=\"elementor-section elementor-top-section elementor-element elementor-element-093a7bd elementor-hidden-desktop elementor-hidden-tablet elementor-hidden-mobile elementor-section-boxed elementor-section-height-default elementor-section-height-default\" data-id=\"093a7bd\" data-element_type=\"section\">\n\t\t\t\t\t\t<div class=\"elementor-container elementor-column-gap-default\">\n\t\t\t\t\t<div class=\"elementor-column elementor-col-100 elementor-top-column elementor-element elementor-element-a33fb85\" data-id=\"a33fb85\" data-element_type=\"column\">\n\t\t\t<div class=\"elementor-widget-wrap elementor-element-populated\">\n\t\t\t\t\t\t<div class=\"elementor-element elementor-element-bcb9ec6 elementor-widget elementor-widget-image\" data-id=\"bcb9ec6\" data-element_type=\"widget\" data-widget_type=\"image.default\">\n\t\t\t\t<div class=\"elementor-widget-container\">\n\t\t\t\t\t\t\t\t\t\t\t\t\t\t\t<img fetchpriority=\"high\" decoding=\"async\" width=\"1024\" height=\"732\" src=\"https:\/\/ceut.edu.mx\/home\/wp-content\/uploads\/2025\/12\/INFORMATICA-1024x732.jpg\" class=\"attachment-large size-large wp-image-4842\" alt=\"\" srcset=\"https:\/\/ceut.edu.mx\/home\/wp-content\/uploads\/2025\/12\/INFORMATICA-1024x732.jpg 1024w, https:\/\/ceut.edu.mx\/home\/wp-content\/uploads\/2025\/12\/INFORMATICA-300x215.jpg 300w, https:\/\/ceut.edu.mx\/home\/wp-content\/uploads\/2025\/12\/INFORMATICA-768x549.jpg 768w, https:\/\/ceut.edu.mx\/home\/wp-content\/uploads\/2025\/12\/INFORMATICA-1536x1098.jpg 1536w, https:\/\/ceut.edu.mx\/home\/wp-content\/uploads\/2025\/12\/INFORMATICA-2048x1465.jpg 2048w\" sizes=\"(max-width: 1024px) 100vw, 1024px\" \/>\t\t\t\t\t\t\t\t\t\t\t\t\t\t\t<\/div>\n\t\t\t\t<\/div>\n\t\t\t\t\t<\/div>\n\t\t<\/div>\n\t\t\t\t\t<\/div>\n\t\t<\/section>\n\t\t\t\t<\/div>\n\t\t","protected":false},"excerpt":{"rendered":"<p>PLAN DE ESTUDIOS CAMPO Laboral El licenciado en inform\u00e1tica podr\u00e1 desempe\u00f1arse el desarrollo de sistemas e interfaces desempe\u00f1ando actividades como: an\u00e1lisis, dise\u00f1o, implementaci\u00f3n y mantenimiento de sistemas, desarrollo de software, optimizaci\u00f3n de redes y detecci\u00f3n de problemas en los mismos, capacitaci\u00f3n de personal en sistemas de informaci\u00f3n, auditor y consultor en inform\u00e1tica, adem\u00e1s de aportar&hellip;&nbsp;<a href=\"https:\/\/ceut.edu.mx\/home\/informatica\/\" class=\"\" rel=\"bookmark\">Leer m\u00e1s &raquo;<span class=\"screen-reader-text\">Inform\u00e1tica<\/span><\/a><\/p>\n","protected":false},"author":1,"featured_media":0,"parent":0,"menu_order":0,"comment_status":"closed","ping_status":"closed","template":"page-templates\/template-pagebuilder-full-width.php","meta":{"_monsterinsights_skip_tracking":false,"_monsterinsights_sitenote_active":false,"_monsterinsights_sitenote_note":"","_monsterinsights_sitenote_category":0,"neve_meta_sidebar":"full-width","neve_meta_container":"","neve_meta_enable_content_width":"on","neve_meta_content_width":100,"neve_meta_title_alignment":"","neve_meta_author_avatar":"","neve_post_elements_order":"","neve_meta_disable_header":"","neve_meta_disable_footer":"","neve_meta_disable_title":"","footnotes":""},"class_list":["post-207","page","type-page","status-publish","hentry"],"_links":{"self":[{"href":"https:\/\/ceut.edu.mx\/home\/wp-json\/wp\/v2\/pages\/207","targetHints":{"allow":["GET"]}}],"collection":[{"href":"https:\/\/ceut.edu.mx\/home\/wp-json\/wp\/v2\/pages"}],"about":[{"href":"https:\/\/ceut.edu.mx\/home\/wp-json\/wp\/v2\/types\/page"}],"author":[{"embeddable":true,"href":"https:\/\/ceut.edu.mx\/home\/wp-json\/wp\/v2\/users\/1"}],"replies":[{"embeddable":true,"href":"https:\/\/ceut.edu.mx\/home\/wp-json\/wp\/v2\/comments?post=207"}],"version-history":[{"count":225,"href":"https:\/\/ceut.edu.mx\/home\/wp-json\/wp\/v2\/pages\/207\/revisions"}],"predecessor-version":[{"id":6418,"href":"https:\/\/ceut.edu.mx\/home\/wp-json\/wp\/v2\/pages\/207\/revisions\/6418"}],"wp:attachment":[{"href":"https:\/\/ceut.edu.mx\/home\/wp-json\/wp\/v2\/media?parent=207"}],"curies":[{"name":"wp","href":"https:\/\/api.w.org\/{rel}","templated":true}]}}