{"id":1692,"date":"2021-07-27T20:38:30","date_gmt":"2021-07-27T20:38:30","guid":{"rendered":"https:\/\/ceut.edu.mx\/home\/?page_id=1692"},"modified":"2025-12-30T23:45:37","modified_gmt":"2025-12-30T23:45:37","slug":"historia","status":"publish","type":"page","link":"https:\/\/ceut.edu.mx\/home\/historia\/","title":{"rendered":"Historia"},"content":{"rendered":"\t\t<div data-elementor-type=\"wp-page\" data-elementor-id=\"1692\" class=\"elementor elementor-1692\">\n\t\t\t\t\t\t<section class=\"elementor-section elementor-top-section elementor-element elementor-element-d55ea1b elementor-section-full_width elementor-section-height-min-height elementor-section-height-default elementor-section-items-middle\" data-id=\"d55ea1b\" data-element_type=\"section\" data-settings=\"{&quot;background_background&quot;:&quot;classic&quot;}\">\n\t\t\t\t\t\t<div class=\"elementor-container elementor-column-gap-no\">\n\t\t\t\t\t<div class=\"elementor-column elementor-col-100 elementor-top-column elementor-element elementor-element-744f3fe\" data-id=\"744f3fe\" data-element_type=\"column\">\n\t\t\t<div class=\"elementor-widget-wrap\">\n\t\t\t\t\t\t\t<\/div>\n\t\t<\/div>\n\t\t\t\t\t<\/div>\n\t\t<\/section>\n\t\t\t\t<section class=\"elementor-section elementor-top-section elementor-element elementor-element-6a85549 elementor-section-full_width elementor-section-height-default elementor-section-height-default\" data-id=\"6a85549\" data-element_type=\"section\">\n\t\t\t\t\t\t<div class=\"elementor-container elementor-column-gap-no\">\n\t\t\t\t\t<div class=\"elementor-column elementor-col-100 elementor-top-column elementor-element elementor-element-d0077f5\" data-id=\"d0077f5\" data-element_type=\"column\">\n\t\t\t<div class=\"elementor-widget-wrap elementor-element-populated\">\n\t\t\t\t\t\t<div class=\"elementor-element elementor-element-1d85042 elementor-widget-divider--view-line elementor-widget elementor-widget-divider\" data-id=\"1d85042\" data-element_type=\"widget\" data-widget_type=\"divider.default\">\n\t\t\t\t<div class=\"elementor-widget-container\">\n\t\t\t\t\t\t\t<div class=\"elementor-divider\">\n\t\t\t<span class=\"elementor-divider-separator\">\n\t\t\t\t\t\t<\/span>\n\t\t<\/div>\n\t\t\t\t\t\t<\/div>\n\t\t\t\t<\/div>\n\t\t\t\t<div class=\"elementor-element elementor-element-201c7f3 elementor-widget elementor-widget-html\" data-id=\"201c7f3\" data-element_type=\"widget\" data-widget_type=\"html.default\">\n\t\t\t\t<div class=\"elementor-widget-container\">\n\t\t\t\t\t<style>\n    .history-header {\n            position: relative;\n            width: 100%;\n            \/* La altura es clave para el tama\u00f1o del banner *\/\n            height: 600px; \n            overflow: hidden;\n            display: flex;\n            align-items: center; \/* Centra el contenido verticalmente *\/\n            justify-content: flex-start; \/* Alinea el contenido a la izquierda *\/\n            padding: 0 0%;\n        }\n        \/* Pseudo-elemento para la imagen de fondo y el efecto de oscurecimiento *\/\n        .history-header::before {\n            content: '';\n            position: absolute;\n            top: 0;\n            left: 0;\n            width: 100%;\n            height: 100%;\n            \/* Reemplaza con la ruta de tu imagen *\/\n            background-image: url('imagen\/HISTORIA.JPG'); \n            background-size: cover;\n            background-position: center;\n            \/* Oscurece la imagen (el color principal de fondo del texto parece ser azul oscuro) *\/\n            background-color: #1a237e; \/* Azul oscuro CEUT *\/\n            \/* Aplica una superposici\u00f3n de color oscuro\/opacidad *\/\n            opacity: 0.85; \n            z-index: 1; \/* Detr\u00e1s del t\u00edtulo *\/\n        }\n        \/* Estilo para el t\u00edtulo de la secci\u00f3n en el encabezado (Historia en may\u00fasculas) *\/\n        .history-header h1 {\n            position: relative;\n            z-index: 2; \/* Sobre la imagen *\/\n            color: #ffd700; \/* Color amarillo\/dorado (similar al logo o detalles CEUT) *\/\n            font-family: 'Montserrat', sans-serif;\n            font-size: 4em;\n            font-weight: 700; \/* Negrita *\/\n            text-shadow: 2px 2px 5px rgba(0, 0, 0, 0.7);\n            margin: 0;\n            \/* Ajuste para que el texto coincida con la posici\u00f3n de la imagen *\/\n            transform: translateY(-50px); \n        }\n        \/* Contenedor principal de la historia (debajo del encabezado) *\/\n        .history-content {\n            background-color: white; \/* Fondo blanco *\/\n            padding: 40px 5%;\n            display: flex;\n            flex-direction: column;\n            gap: 20px;\n            line-height: 1.7;\n            color: #333; \/* Texto oscuro, casi negro *\/\n            \/* El contenedor tiene un padding negativo en la parte superior para superponerse al banner *\/\n            margin-top: -50px; \n            position: relative; \/* Necesario para que el margin-top funcione bien *\/\n            z-index: 10;\n            box-shadow: 0 0 20px rgba(0, 0, 0, 0.1); \/* Sombra sutil *\/\n        }\n        \/* Estilo para el t\u00edtulo del contenido (Historia con l\u00ednea vertical) *\/\n        .history-content h2 {\n            font-family: 'Verdana', sans-serif;\n            font-size: 2.2em;\n            font-weight: 700;\n            color: black; \/* Color oscuro *\/\n            margin-top: 0;\n            padding-left: 15px; \/* Espacio antes del t\u00edtulo *\/\n            \/* L\u00ednea vertical de color amarillo\/dorado a la izquierda *\/\n            border-left: 5px solid #ffd700; \n            \/* Asegura que el color de la l\u00ednea sea el mismo que el del t\u00edtulo del banner *\/\n        }\n        \/* Estilo para los p\u00e1rrafos de texto *\/\n        .history-content p {\n            font-family: 'Montserrat', sans-serif;\n            font-size: 1.1em;\n            margin: 0;\n            text-align: justify;\n            color: black; \/* Un gris oscuro para mejor lectura *\/\n        }\n        \/* Estilo para la firma (Lic. Alejandra Cid C.) *\/\n        .history-content p:last-of-type {\n            margin-top: 20px;\n            font-style: italic;\n            text-align: left;\n            color: white;\n            font-size: 1em;\n        }\n        \/* Asegura que la imagen nunca exceda el ancho del contenedor *\/\n        .organigrama-container img {\n            max-width: 100%; \/* La imagen se ajustar\u00e1 al ancho del contenedor *\/\n            height: auto;    \/* Mantiene la proporci\u00f3n *\/\n            display: block;  \/* Para evitar problemas de espaciado *\/\n        }\n<\/style>\n<body>\n    <div class=\"content-wrapper\">\n        <section class=\"history-content\">\n            <div class=\"texto-wrapper\">\n                <h2>Historia<\/h2>\n                <p>\n                    Esta gran historia empez\u00f3 el primer lunes de septiembre de 1990, con la clase de teor\u00edas econ\u00f3micas que imparti\u00f3 el fundador licenciado Clemente Cid P\u00e9rez, y de m\u00e1s de tres d\u00e9cadas de ese d\u00eda, el CEUT hoy cuenta con 8 licenciaturas, 5 maestr\u00edas, un bachillerato no escolarizado y preparatoria federal.\n                <\/p><br><br>\n                <p>\n                    Durante este periodo se han egresado a m\u00e1s de 30 generaciones de profesionistas con posgrado, licenciatura y nivel medio superior, nuestra mejor carta de presentaci\u00f3n que ha permitido una vida de \u00e9xito de esta gran instituci\u00f3n han sido nuestros egresados, que han cumplido sus sue\u00f1os y metas, porque el Centro Universitario Tehuac\u00e1n ha brindado a todos sus estudiantes la oportunidad de estudiar con el m\u00e1s alto nivel acad\u00e9mico a cargo de un gran claustro docente con los mejores profesionistas de la regi\u00f3n, de la capital del estado y catedr\u00e1ticos internacionales todos ellos de alto nivel, que han formado a profesionistas que han destacado en el medio laboral y profesional han construido el prestigio del CEUT durante m\u00e1s de 6 lustros.\n                <\/p><br><br>                \n                <p>\n                    La innovaci\u00f3n que se ha emprendido en esta universidad ha permitido consolidarnos como l\u00edder en educaci\u00f3n superior y media superior, respondiendo a las demandas educativas de actualidad no s\u00f3lo de los educandos, catedr\u00e1ticos sino tambi\u00e9n del mercado laboral, hoy est\u00e1 Instituci\u00f3n genera cada semestre y cada a\u00f1o egresados competitivos, con calidad humana y agentes de transformaci\u00f3n social que impactan en el desarrollo econ\u00f3mico, social y cultural de Tehuac\u00e1n, su regi\u00f3n y estados circunvecinos como Oaxaca y Veracruz, nuestra comunidad estudiantil se ha distinguido por ello, haciendo que todos los que formamos parte del CEUT seamos orgullosamente tigres.\n                <\/p><br><br>                \n                <p class=\"con-gratitud\">Con gratitud.<\/p><br>\n                <p class=\"firma\">Lic Alejandra Cid C.<\/p>\n                <p class=\"firma\">Rectora<\/p>\n            <\/div>\n        <\/section>\n        <section class=\"historia-parte tres\"><\/section>\n    <\/div>  \n<\/body>\t\t\t\t<\/div>\n\t\t\t\t<\/div>\n\t\t\t\t\t<\/div>\n\t\t<\/div>\n\t\t\t\t\t<\/div>\n\t\t<\/section>\n\t\t\t\t<section class=\"elementor-section elementor-top-section elementor-element elementor-element-942c7b0 elementor-section-boxed elementor-section-height-default elementor-section-height-default\" data-id=\"942c7b0\" data-element_type=\"section\">\n\t\t\t\t\t\t<div class=\"elementor-container elementor-column-gap-default\">\n\t\t\t\t\t<div class=\"elementor-column elementor-col-100 elementor-top-column elementor-element elementor-element-de5e062\" data-id=\"de5e062\" data-element_type=\"column\">\n\t\t\t<div class=\"elementor-widget-wrap elementor-element-populated\">\n\t\t\t\t\t\t<div class=\"elementor-element elementor-element-f476c5d elementor-widget elementor-widget-image\" data-id=\"f476c5d\" data-element_type=\"widget\" data-widget_type=\"image.default\">\n\t\t\t\t<div class=\"elementor-widget-container\">\n\t\t\t\t\t\t\t\t\t\t\t\t\t\t\t<img fetchpriority=\"high\" decoding=\"async\" width=\"1024\" height=\"626\" src=\"https:\/\/ceut.edu.mx\/home\/wp-content\/uploads\/2025\/12\/organigrama-1024x626.jpeg\" class=\"attachment-large size-large wp-image-4777\" alt=\"\" srcset=\"https:\/\/ceut.edu.mx\/home\/wp-content\/uploads\/2025\/12\/organigrama-1024x626.jpeg 1024w, https:\/\/ceut.edu.mx\/home\/wp-content\/uploads\/2025\/12\/organigrama-300x183.jpeg 300w, https:\/\/ceut.edu.mx\/home\/wp-content\/uploads\/2025\/12\/organigrama-768x469.jpeg 768w, https:\/\/ceut.edu.mx\/home\/wp-content\/uploads\/2025\/12\/organigrama.jpeg 1280w\" sizes=\"(max-width: 1024px) 100vw, 1024px\" \/>\t\t\t\t\t\t\t\t\t\t\t\t\t\t\t<\/div>\n\t\t\t\t<\/div>\n\t\t\t\t\t<\/div>\n\t\t<\/div>\n\t\t\t\t\t<\/div>\n\t\t<\/section>\n\t\t\t\t<\/div>\n\t\t","protected":false},"excerpt":{"rendered":"<p>Historia Esta gran historia empez\u00f3 el primer lunes de septiembre de 1990, con la clase de teor\u00edas econ\u00f3micas que imparti\u00f3 el fundador licenciado Clemente Cid P\u00e9rez, y de m\u00e1s de tres d\u00e9cadas de ese d\u00eda, el CEUT hoy cuenta con 8 licenciaturas, 5 maestr\u00edas, un bachillerato no escolarizado y preparatoria federal. Durante este periodo se&hellip;&nbsp;<a href=\"https:\/\/ceut.edu.mx\/home\/historia\/\" class=\"\" rel=\"bookmark\">Leer m\u00e1s &raquo;<span class=\"screen-reader-text\">Historia<\/span><\/a><\/p>\n","protected":false},"author":1,"featured_media":0,"parent":0,"menu_order":0,"comment_status":"closed","ping_status":"closed","template":"page-templates\/template-pagebuilder-full-width.php","meta":{"_monsterinsights_skip_tracking":false,"_monsterinsights_sitenote_active":false,"_monsterinsights_sitenote_note":"","_monsterinsights_sitenote_category":0,"neve_meta_sidebar":"full-width","neve_meta_container":"","neve_meta_enable_content_width":"on","neve_meta_content_width":100,"neve_meta_title_alignment":"","neve_meta_author_avatar":"","neve_post_elements_order":"","neve_meta_disable_header":"","neve_meta_disable_footer":"","neve_meta_disable_title":"","footnotes":""},"class_list":["post-1692","page","type-page","status-publish","hentry"],"_links":{"self":[{"href":"https:\/\/ceut.edu.mx\/home\/wp-json\/wp\/v2\/pages\/1692","targetHints":{"allow":["GET"]}}],"collection":[{"href":"https:\/\/ceut.edu.mx\/home\/wp-json\/wp\/v2\/pages"}],"about":[{"href":"https:\/\/ceut.edu.mx\/home\/wp-json\/wp\/v2\/types\/page"}],"author":[{"embeddable":true,"href":"https:\/\/ceut.edu.mx\/home\/wp-json\/wp\/v2\/users\/1"}],"replies":[{"embeddable":true,"href":"https:\/\/ceut.edu.mx\/home\/wp-json\/wp\/v2\/comments?post=1692"}],"version-history":[{"count":121,"href":"https:\/\/ceut.edu.mx\/home\/wp-json\/wp\/v2\/pages\/1692\/revisions"}],"predecessor-version":[{"id":6026,"href":"https:\/\/ceut.edu.mx\/home\/wp-json\/wp\/v2\/pages\/1692\/revisions\/6026"}],"wp:attachment":[{"href":"https:\/\/ceut.edu.mx\/home\/wp-json\/wp\/v2\/media?parent=1692"}],"curies":[{"name":"wp","href":"https:\/\/api.w.org\/{rel}","templated":true}]}}